{"id":2054,"date":"2021-07-16T16:18:27","date_gmt":"2021-07-16T16:18:27","guid":{"rendered":"https:\/\/wearedreamprod.wpengine.com\/?page_id=2054"},"modified":"2025-09-09T16:56:49","modified_gmt":"2025-09-09T20:56:49","slug":"our-history","status":"publish","type":"page","link":"https:\/\/wearedream.org\/es\/our-history\/","title":{"rendered":"Nuestra historia"},"content":{"rendered":"","protected":false},"excerpt":{"rendered":"<p>Durante tres d\u00e9cadas, DREAM ha trabajado para nivelar el campo de juego para todos los ni\u00f1os, ayud\u00e1ndolos a convertirse en aprendices de por vida que est\u00e1n equipados para cumplir su visi\u00f3n de \u00e9xito dentro y fuera del aula.<\/p>","protected":false},"author":2,"featured_media":0,"parent":0,"menu_order":0,"comment_status":"closed","ping_status":"closed","template":"templates\/template-9B.php","meta":{"_acf_changed":false,"inline_featured_image":false,"footnotes":""},"class_list":["post-2054","page","type-page","status-publish","hentry"],"acf":[],"yoast_head":"<!-- This site is optimized with the Yoast SEO plugin v27.3 - https:\/\/yoast.com\/product\/yoast-seo-wordpress\/ -->\n<title>Our History &#8211; DREAM<\/title>\n<meta name=\"description\" content=\"For over three decades, DREAM has helped children become lifelong learners who are equipped to fulfill their vision of success in and out of the classroom.\" \/>\n<meta name=\"robots\" content=\"index, follow, max-snippet:-1, max-image-preview:large, max-video-preview:-1\" \/>\n<link rel=\"canonical\" href=\"https:\/\/wearedream.org\/es\/our-history\/\" \/>\n<meta property=\"og:locale\" content=\"es_MX\" \/>\n<meta property=\"og:type\" content=\"article\" \/>\n<meta property=\"og:title\" content=\"Our History &#8211; DREAM\" \/>\n<meta property=\"og:description\" content=\"For over three decades, DREAM has helped children become lifelong learners who are equipped to fulfill their vision of success in and out of the classroom.\" \/>\n<meta property=\"og:url\" content=\"https:\/\/wearedream.org\/es\/our-history\/\" \/>\n<meta property=\"og:site_name\" content=\"DREAM\" \/>\n<meta property=\"article:publisher\" content=\"https:\/\/www.facebook.com\/wearedreamorg\" \/>\n<meta property=\"article:modified_time\" content=\"2025-09-09T20:56:49+00:00\" \/>\n<meta property=\"og:image\" content=\"https:\/\/wearedream.org\/wp-content\/uploads\/2015\/03\/DREAM-Blog-Image.png\" \/>\n\t<meta property=\"og:image:width\" content=\"1000\" \/>\n\t<meta property=\"og:image:height\" content=\"664\" \/>\n\t<meta property=\"og:image:type\" content=\"image\/png\" \/>\n<meta name=\"twitter:card\" content=\"summary_large_image\" \/>\n<meta name=\"twitter:site\" content=\"@wearedream\" \/>\n<script type=\"application\/ld+json\" class=\"yoast-schema-graph\">{\"@context\":\"https:\\\/\\\/schema.org\",\"@graph\":[{\"@type\":\"WebPage\",\"@id\":\"https:\\\/\\\/wearedream.org\\\/our-history\\\/\",\"url\":\"https:\\\/\\\/wearedream.org\\\/our-history\\\/\",\"name\":\"Our History &#8211; DREAM\",\"isPartOf\":{\"@id\":\"https:\\\/\\\/wearedream.org\\\/#website\"},\"datePublished\":\"2021-07-16T16:18:27+00:00\",\"dateModified\":\"2025-09-09T20:56:49+00:00\",\"description\":\"For over three decades, DREAM has helped children become lifelong learners who are equipped to fulfill their vision of success in and out of the classroom.\",\"breadcrumb\":{\"@id\":\"https:\\\/\\\/wearedream.org\\\/our-history\\\/#breadcrumb\"},\"inLanguage\":\"es-MX\",\"potentialAction\":[{\"@type\":\"ReadAction\",\"target\":[\"https:\\\/\\\/wearedream.org\\\/our-history\\\/\"]}]},{\"@type\":\"BreadcrumbList\",\"@id\":\"https:\\\/\\\/wearedream.org\\\/our-history\\\/#breadcrumb\",\"itemListElement\":[{\"@type\":\"ListItem\",\"position\":1,\"name\":\"Home\",\"item\":\"https:\\\/\\\/wearedream.org\\\/\"},{\"@type\":\"ListItem\",\"position\":2,\"name\":\"Our History\"}]},{\"@type\":\"WebSite\",\"@id\":\"https:\\\/\\\/wearedream.org\\\/#website\",\"url\":\"https:\\\/\\\/wearedream.org\\\/\",\"name\":\"DREAM\",\"description\":\"Play - Learn - Grow\",\"publisher\":{\"@id\":\"https:\\\/\\\/wearedream.org\\\/#organization\"},\"potentialAction\":[{\"@type\":\"SearchAction\",\"target\":{\"@type\":\"EntryPoint\",\"urlTemplate\":\"https:\\\/\\\/wearedream.org\\\/?s={search_term_string}\"},\"query-input\":{\"@type\":\"PropertyValueSpecification\",\"valueRequired\":true,\"valueName\":\"search_term_string\"}}],\"inLanguage\":\"es-MX\"},{\"@type\":\"Organization\",\"@id\":\"https:\\\/\\\/wearedream.org\\\/#organization\",\"name\":\"DREAM\",\"url\":\"https:\\\/\\\/wearedream.org\\\/\",\"logo\":{\"@type\":\"ImageObject\",\"inLanguage\":\"es-MX\",\"@id\":\"https:\\\/\\\/wearedream.org\\\/#\\\/schema\\\/logo\\\/image\\\/\",\"url\":\"https:\\\/\\\/wearedream.org\\\/wp-content\\\/uploads\\\/2021\\\/07\\\/logo.svg\",\"contentUrl\":\"https:\\\/\\\/wearedream.org\\\/wp-content\\\/uploads\\\/2021\\\/07\\\/logo.svg\",\"width\":1,\"height\":1,\"caption\":\"DREAM\"},\"image\":{\"@id\":\"https:\\\/\\\/wearedream.org\\\/#\\\/schema\\\/logo\\\/image\\\/\"},\"sameAs\":[\"https:\\\/\\\/www.facebook.com\\\/wearedreamorg\",\"https:\\\/\\\/x.com\\\/wearedream\",\"https:\\\/\\\/www.instagram.com\\\/wearedream\\\/\",\"https:\\\/\\\/www.linkedin.com\\\/company\\\/wearedream\\\/\"]}]}<\/script>\n<!-- \/ Yoast SEO plugin. -->","yoast_head_json":{"title":"Nuestra Historia \u2013 DREAM","description":"Durante m\u00e1s de tres d\u00e9cadas, DREAM ha ayudado a los ni\u00f1os a convertirse en aprendices de por vida, preparados para cumplir su visi\u00f3n de \u00e9xito dentro y fuera del aula.","robots":{"index":"index","follow":"follow","max-snippet":"max-snippet:-1","max-image-preview":"max-image-preview:large","max-video-preview":"max-video-preview:-1"},"canonical":"https:\/\/wearedream.org\/es\/our-history\/","og_locale":"es_MX","og_type":"article","og_title":"Our History &#8211; DREAM","og_description":"For over three decades, DREAM has helped children become lifelong learners who are equipped to fulfill their vision of success in and out of the classroom.","og_url":"https:\/\/wearedream.org\/es\/our-history\/","og_site_name":"DREAM","article_publisher":"https:\/\/www.facebook.com\/wearedreamorg","article_modified_time":"2025-09-09T20:56:49+00:00","og_image":[{"width":1000,"height":664,"url":"https:\/\/wearedream.org\/wp-content\/uploads\/2015\/03\/DREAM-Blog-Image.png","type":"image\/png"}],"twitter_card":"summary_large_image","twitter_site":"@wearedream","schema":{"@context":"https:\/\/schema.org","@graph":[{"@type":"WebPage","@id":"https:\/\/wearedream.org\/our-history\/","url":"https:\/\/wearedream.org\/our-history\/","name":"Nuestra Historia \u2013 DREAM","isPartOf":{"@id":"https:\/\/wearedream.org\/#website"},"datePublished":"2021-07-16T16:18:27+00:00","dateModified":"2025-09-09T20:56:49+00:00","description":"Durante m\u00e1s de tres d\u00e9cadas, DREAM ha ayudado a los ni\u00f1os a convertirse en aprendices de por vida, preparados para cumplir su visi\u00f3n de \u00e9xito dentro y fuera del aula.","breadcrumb":{"@id":"https:\/\/wearedream.org\/our-history\/#breadcrumb"},"inLanguage":"es-MX","potentialAction":[{"@type":"ReadAction","target":["https:\/\/wearedream.org\/our-history\/"]}]},{"@type":"BreadcrumbList","@id":"https:\/\/wearedream.org\/our-history\/#breadcrumb","itemListElement":[{"@type":"ListItem","position":1,"name":"Home","item":"https:\/\/wearedream.org\/"},{"@type":"ListItem","position":2,"name":"Our History"}]},{"@type":"WebSite","@id":"https:\/\/wearedream.org\/#website","url":"https:\/\/wearedream.org\/","name":"Verano de DREAM","description":"Jugar - Aprender - Crecer","publisher":{"@id":"https:\/\/wearedream.org\/#organization"},"potentialAction":[{"@type":"SearchAction","target":{"@type":"EntryPoint","urlTemplate":"https:\/\/wearedream.org\/?s={search_term_string}"},"query-input":{"@type":"PropertyValueSpecification","valueRequired":true,"valueName":"search_term_string"}}],"inLanguage":"es-MX"},{"@type":"Organization","@id":"https:\/\/wearedream.org\/#organization","name":"Verano de DREAM","url":"https:\/\/wearedream.org\/","logo":{"@type":"ImageObject","inLanguage":"es-MX","@id":"https:\/\/wearedream.org\/#\/schema\/logo\/image\/","url":"https:\/\/wearedream.org\/wp-content\/uploads\/2021\/07\/logo.svg","contentUrl":"https:\/\/wearedream.org\/wp-content\/uploads\/2021\/07\/logo.svg","width":1,"height":1,"caption":"DREAM"},"image":{"@id":"https:\/\/wearedream.org\/#\/schema\/logo\/image\/"},"sameAs":["https:\/\/www.facebook.com\/wearedreamorg","https:\/\/x.com\/wearedream","https:\/\/www.instagram.com\/wearedream\/","https:\/\/www.linkedin.com\/company\/wearedream\/"]}]}},"_links":{"self":[{"href":"https:\/\/wearedream.org\/es\/wp-json\/wp\/v2\/pages\/2054","targetHints":{"allow":["GET"]}}],"collection":[{"href":"https:\/\/wearedream.org\/es\/wp-json\/wp\/v2\/pages"}],"about":[{"href":"https:\/\/wearedream.org\/es\/wp-json\/wp\/v2\/types\/page"}],"author":[{"embeddable":true,"href":"https:\/\/wearedream.org\/es\/wp-json\/wp\/v2\/users\/2"}],"replies":[{"embeddable":true,"href":"https:\/\/wearedream.org\/es\/wp-json\/wp\/v2\/comments?post=2054"}],"version-history":[{"count":0,"href":"https:\/\/wearedream.org\/es\/wp-json\/wp\/v2\/pages\/2054\/revisions"}],"wp:attachment":[{"href":"https:\/\/wearedream.org\/es\/wp-json\/wp\/v2\/media?parent=2054"}],"curies":[{"name":"gracias","href":"https:\/\/api.w.org\/{rel}","templated":true}]}}