{"id":2336,"date":"2021-08-03T01:06:05","date_gmt":"2021-08-03T01:06:05","guid":{"rendered":"https:\/\/wearedreamprod.wpengine.com\/?page_id=2336"},"modified":"2026-04-06T10:57:51","modified_gmt":"2026-04-06T14:57:51","slug":"dream-charter-school-board-documents","status":"publish","type":"page","link":"https:\/\/wearedream.org\/es\/dream-charter-school-board-documents\/","title":{"rendered":"Documentos de la Junta Escolar de DREAM Charter"},"content":{"rendered":"<p>Orden del d\u00eda de la reuni\u00f3n de la Junta Directiva, mayo de 2021<br \/>\nActas de la reuni\u00f3n de la junta directiva, mayo de 2021<br \/>\nOrden del d\u00eda de la reuni\u00f3n de la Junta Directiva, febrero de 2021<br \/>\nActas de la reuni\u00f3n de la Junta Directiva, febrero de 2021<br \/>\nOrden del d\u00eda de la reuni\u00f3n de la Junta Directiva, noviembre de 2020<br \/>\nActas de la reuni\u00f3n de la Junta Directiva, noviembre de 2020<br \/>\nOrden del d\u00eda de la reuni\u00f3n de la Junta Directiva, septiembre de 2020<br \/>\nActas de la reuni\u00f3n de la Junta Directiva, septiembre de 2020<br \/>\nOrden del d\u00eda de la reuni\u00f3n de la Junta Directiva, junio de 2020<br \/>\nActas de la reuni\u00f3n de la Junta Directiva, junio de 2020<br \/>\nOrden del d\u00eda de la reuni\u00f3n de la Junta Directiva, mayo de 2020<br \/>\nActas de la reuni\u00f3n de la Junta Directiva, mayo de 2020<br \/>\nOrden del d\u00eda de la reuni\u00f3n de la Junta Directiva, febrero de 2020<br \/>\nActas de la reuni\u00f3n de la Junta Directiva, febrero de 2020<br \/>\nOrden del d\u00eda de la reuni\u00f3n de la Junta Directiva, diciembre de 2019<br \/>\nActas de la reuni\u00f3n de la Junta Directiva, diciembre de 2019<br \/>\nOrden del d\u00eda de la reuni\u00f3n de la Junta Directiva, agosto de 2019<br \/>\nActas de la reuni\u00f3n de la Junta Directiva, agosto de 2019<br \/>\nOrden del d\u00eda de la reuni\u00f3n de la Junta Directiva, mayo de 2019<br \/>\nActas de la reuni\u00f3n de la Junta Directiva, mayo de 2019<br \/>\nOrden del d\u00eda de la reuni\u00f3n de la Junta Directiva, enero de 2019<br \/>\nActas de la reuni\u00f3n de la junta directiva, enero de 2019<br \/>\nOrden del d\u00eda de la reuni\u00f3n de la Junta Directiva, noviembre de 2018<br \/>\nActas de la reuni\u00f3n de la Junta Directiva, noviembre de 2018<br \/>\nOrden del d\u00eda de la reuni\u00f3n de la Junta Directiva, octubre de 2018<br \/>\nActas de la reuni\u00f3n de la Junta Directiva, octubre de 2018<br \/>\nOrden del d\u00eda de la reuni\u00f3n de la Junta Directiva, septiembre de 2018<br \/>\nActas de la reuni\u00f3n de la Junta Directiva, septiembre de 2018<br \/>\nOrden del d\u00eda de la reuni\u00f3n de la Junta Directiva, agosto de 2018<br \/>\nActas de la reuni\u00f3n de la Junta Directiva, agosto de 2018<br \/>\nOrden del d\u00eda de la reuni\u00f3n de la Junta Directiva, julio de 2018<br \/>\nActas de la reuni\u00f3n de la Junta Directiva, julio de 2018<\/p>","protected":false},"excerpt":{"rendered":"<p>Orden del d\u00eda de la reuni\u00f3n de la junta directiva, mayo de 2021 Actas de la reuni\u00f3n de la junta directiva, mayo de 2021 Orden del d\u00eda de la reuni\u00f3n de la junta directiva, febrero de 2021 Actas de la reuni\u00f3n de la junta directiva, febrero de 2021 Orden del d\u00eda de la reuni\u00f3n de la junta directiva, noviembre de 2020 <\/p>","protected":false},"author":2,"featured_media":0,"parent":0,"menu_order":0,"comment_status":"closed","ping_status":"closed","template":"templates\/template-8.php","meta":{"_acf_changed":false,"inline_featured_image":false,"footnotes":""},"class_list":["post-2336","page","type-page","status-publish","hentry"],"acf":[],"yoast_head":"<!-- This site is optimized with the Yoast SEO plugin v27.3 - https:\/\/yoast.com\/product\/yoast-seo-wordpress\/ -->\n<title>DREAM Charter School Board Documents &#8211; DREAM<\/title>\n<meta name=\"description\" content=\"All of the DREAM Charter School Board agendas and minutes, from July 2018 to the present.\" \/>\n<meta name=\"robots\" content=\"index, follow, max-snippet:-1, max-image-preview:large, max-video-preview:-1\" \/>\n<link rel=\"canonical\" href=\"https:\/\/wearedream.org\/es\/dream-charter-school-board-documents\/\" \/>\n<meta property=\"og:locale\" content=\"es_MX\" \/>\n<meta property=\"og:type\" content=\"article\" \/>\n<meta property=\"og:title\" content=\"DREAM Charter School Board Documents &#8211; DREAM\" \/>\n<meta property=\"og:description\" content=\"All of the DREAM Charter School Board agendas and minutes, from July 2018 to the present.\" \/>\n<meta property=\"og:url\" content=\"https:\/\/wearedream.org\/es\/dream-charter-school-board-documents\/\" \/>\n<meta property=\"og:site_name\" content=\"DREAM\" \/>\n<meta property=\"article:publisher\" content=\"https:\/\/www.facebook.com\/wearedreamorg\" \/>\n<meta property=\"article:modified_time\" content=\"2026-04-06T14:57:51+00:00\" \/>\n<meta property=\"og:image\" content=\"https:\/\/wearedream.org\/wp-content\/uploads\/2015\/03\/DREAM-Blog-Image.png\" \/>\n\t<meta property=\"og:image:width\" content=\"1000\" \/>\n\t<meta property=\"og:image:height\" content=\"664\" \/>\n\t<meta property=\"og:image:type\" content=\"image\/png\" \/>\n<meta name=\"twitter:card\" content=\"summary_large_image\" \/>\n<meta name=\"twitter:site\" content=\"@wearedream\" \/>\n<meta name=\"twitter:label1\" content=\"Tiempo de lectura\" \/>\n\t<meta name=\"twitter:data1\" content=\"1 minuto\" \/>\n<script type=\"application\/ld+json\" class=\"yoast-schema-graph\">{\"@context\":\"https:\\\/\\\/schema.org\",\"@graph\":[{\"@type\":\"WebPage\",\"@id\":\"https:\\\/\\\/wearedream.org\\\/dream-charter-school-board-documents\\\/\",\"url\":\"https:\\\/\\\/wearedream.org\\\/dream-charter-school-board-documents\\\/\",\"name\":\"DREAM Charter School Board Documents &#8211; DREAM\",\"isPartOf\":{\"@id\":\"https:\\\/\\\/wearedream.org\\\/#website\"},\"datePublished\":\"2021-08-03T01:06:05+00:00\",\"dateModified\":\"2026-04-06T14:57:51+00:00\",\"description\":\"All of the DREAM Charter School Board agendas and minutes, from July 2018 to the present.\",\"breadcrumb\":{\"@id\":\"https:\\\/\\\/wearedream.org\\\/dream-charter-school-board-documents\\\/#breadcrumb\"},\"inLanguage\":\"es-MX\",\"potentialAction\":[{\"@type\":\"ReadAction\",\"target\":[\"https:\\\/\\\/wearedream.org\\\/dream-charter-school-board-documents\\\/\"]}]},{\"@type\":\"BreadcrumbList\",\"@id\":\"https:\\\/\\\/wearedream.org\\\/dream-charter-school-board-documents\\\/#breadcrumb\",\"itemListElement\":[{\"@type\":\"ListItem\",\"position\":1,\"name\":\"Home\",\"item\":\"https:\\\/\\\/wearedream.org\\\/\"},{\"@type\":\"ListItem\",\"position\":2,\"name\":\"DREAM Charter School Board Documents\"}]},{\"@type\":\"WebSite\",\"@id\":\"https:\\\/\\\/wearedream.org\\\/#website\",\"url\":\"https:\\\/\\\/wearedream.org\\\/\",\"name\":\"DREAM\",\"description\":\"Play - Learn - Grow\",\"publisher\":{\"@id\":\"https:\\\/\\\/wearedream.org\\\/#organization\"},\"potentialAction\":[{\"@type\":\"SearchAction\",\"target\":{\"@type\":\"EntryPoint\",\"urlTemplate\":\"https:\\\/\\\/wearedream.org\\\/?s={search_term_string}\"},\"query-input\":{\"@type\":\"PropertyValueSpecification\",\"valueRequired\":true,\"valueName\":\"search_term_string\"}}],\"inLanguage\":\"es-MX\"},{\"@type\":\"Organization\",\"@id\":\"https:\\\/\\\/wearedream.org\\\/#organization\",\"name\":\"DREAM\",\"url\":\"https:\\\/\\\/wearedream.org\\\/\",\"logo\":{\"@type\":\"ImageObject\",\"inLanguage\":\"es-MX\",\"@id\":\"https:\\\/\\\/wearedream.org\\\/#\\\/schema\\\/logo\\\/image\\\/\",\"url\":\"https:\\\/\\\/wearedream.org\\\/wp-content\\\/uploads\\\/2021\\\/07\\\/logo.svg\",\"contentUrl\":\"https:\\\/\\\/wearedream.org\\\/wp-content\\\/uploads\\\/2021\\\/07\\\/logo.svg\",\"width\":1,\"height\":1,\"caption\":\"DREAM\"},\"image\":{\"@id\":\"https:\\\/\\\/wearedream.org\\\/#\\\/schema\\\/logo\\\/image\\\/\"},\"sameAs\":[\"https:\\\/\\\/www.facebook.com\\\/wearedreamorg\",\"https:\\\/\\\/x.com\\\/wearedream\",\"https:\\\/\\\/www.instagram.com\\\/wearedream\\\/\",\"https:\\\/\\\/www.linkedin.com\\\/company\\\/wearedream\\\/\"]}]}<\/script>\n<!-- \/ Yoast SEO plugin. -->","yoast_head_json":{"title":"Documentos de la Junta Escolar de DREAM Charter School \u2013 DREAM","description":"Todas las agendas y actas de la Junta Escolar Charter DREAM, desde julio de 2018 hasta el presente.","robots":{"index":"index","follow":"follow","max-snippet":"max-snippet:-1","max-image-preview":"max-image-preview:large","max-video-preview":"max-video-preview:-1"},"canonical":"https:\/\/wearedream.org\/es\/dream-charter-school-board-documents\/","og_locale":"es_MX","og_type":"article","og_title":"DREAM Charter School Board Documents &#8211; DREAM","og_description":"All of the DREAM Charter School Board agendas and minutes, from July 2018 to the present.","og_url":"https:\/\/wearedream.org\/es\/dream-charter-school-board-documents\/","og_site_name":"DREAM","article_publisher":"https:\/\/www.facebook.com\/wearedreamorg","article_modified_time":"2026-04-06T14:57:51+00:00","og_image":[{"width":1000,"height":664,"url":"https:\/\/wearedream.org\/wp-content\/uploads\/2015\/03\/DREAM-Blog-Image.png","type":"image\/png"}],"twitter_card":"summary_large_image","twitter_site":"@wearedream","twitter_misc":{"Tiempo de lectura":"1 minuto"},"schema":{"@context":"https:\/\/schema.org","@graph":[{"@type":"WebPage","@id":"https:\/\/wearedream.org\/dream-charter-school-board-documents\/","url":"https:\/\/wearedream.org\/dream-charter-school-board-documents\/","name":"Documentos de la Junta Escolar de DREAM Charter School \u2013 DREAM","isPartOf":{"@id":"https:\/\/wearedream.org\/#website"},"datePublished":"2021-08-03T01:06:05+00:00","dateModified":"2026-04-06T14:57:51+00:00","description":"Todas las agendas y actas de la Junta Escolar Charter DREAM, desde julio de 2018 hasta el presente.","breadcrumb":{"@id":"https:\/\/wearedream.org\/dream-charter-school-board-documents\/#breadcrumb"},"inLanguage":"es-MX","potentialAction":[{"@type":"ReadAction","target":["https:\/\/wearedream.org\/dream-charter-school-board-documents\/"]}]},{"@type":"BreadcrumbList","@id":"https:\/\/wearedream.org\/dream-charter-school-board-documents\/#breadcrumb","itemListElement":[{"@type":"ListItem","position":1,"name":"Home","item":"https:\/\/wearedream.org\/"},{"@type":"ListItem","position":2,"name":"DREAM Charter School Board Documents"}]},{"@type":"WebSite","@id":"https:\/\/wearedream.org\/#website","url":"https:\/\/wearedream.org\/","name":"Verano de DREAM","description":"Jugar - Aprender - Crecer","publisher":{"@id":"https:\/\/wearedream.org\/#organization"},"potentialAction":[{"@type":"SearchAction","target":{"@type":"EntryPoint","urlTemplate":"https:\/\/wearedream.org\/?s={search_term_string}"},"query-input":{"@type":"PropertyValueSpecification","valueRequired":true,"valueName":"search_term_string"}}],"inLanguage":"es-MX"},{"@type":"Organization","@id":"https:\/\/wearedream.org\/#organization","name":"Verano de DREAM","url":"https:\/\/wearedream.org\/","logo":{"@type":"ImageObject","inLanguage":"es-MX","@id":"https:\/\/wearedream.org\/#\/schema\/logo\/image\/","url":"https:\/\/wearedream.org\/wp-content\/uploads\/2021\/07\/logo.svg","contentUrl":"https:\/\/wearedream.org\/wp-content\/uploads\/2021\/07\/logo.svg","width":1,"height":1,"caption":"DREAM"},"image":{"@id":"https:\/\/wearedream.org\/#\/schema\/logo\/image\/"},"sameAs":["https:\/\/www.facebook.com\/wearedreamorg","https:\/\/x.com\/wearedream","https:\/\/www.instagram.com\/wearedream\/","https:\/\/www.linkedin.com\/company\/wearedream\/"]}]}},"_links":{"self":[{"href":"https:\/\/wearedream.org\/es\/wp-json\/wp\/v2\/pages\/2336","targetHints":{"allow":["GET"]}}],"collection":[{"href":"https:\/\/wearedream.org\/es\/wp-json\/wp\/v2\/pages"}],"about":[{"href":"https:\/\/wearedream.org\/es\/wp-json\/wp\/v2\/types\/page"}],"author":[{"embeddable":true,"href":"https:\/\/wearedream.org\/es\/wp-json\/wp\/v2\/users\/2"}],"replies":[{"embeddable":true,"href":"https:\/\/wearedream.org\/es\/wp-json\/wp\/v2\/comments?post=2336"}],"version-history":[{"count":0,"href":"https:\/\/wearedream.org\/es\/wp-json\/wp\/v2\/pages\/2336\/revisions"}],"wp:attachment":[{"href":"https:\/\/wearedream.org\/es\/wp-json\/wp\/v2\/media?parent=2336"}],"curies":[{"name":"gracias","href":"https:\/\/api.w.org\/{rel}","templated":true}]}}