{"id":806,"date":"2021-07-13T19:57:25","date_gmt":"2021-07-13T19:57:25","guid":{"rendered":"https:\/\/wearedreamprod.wpengine.com\/?page_id=806"},"modified":"2026-01-05T15:55:09","modified_gmt":"2026-01-05T20:55:09","slug":"open-houses","status":"publish","type":"page","link":"https:\/\/wearedream.org\/es\/open-houses\/","title":{"rendered":"Casas abiertas"},"content":{"rendered":"","protected":false},"excerpt":{"rendered":"<p>\u00bfListo para aprender m\u00e1s sobre las Escuelas Ch\u00e1rter DREAM? \u00a1\u00danete a nuestra Jornada de Puertas Abiertas! Hablaremos sobre nuestro modelo de educaci\u00f3n integral para ni\u00f1os y nuestra programaci\u00f3n gratuita extraescolar y de verano, compartiremos informaci\u00f3n sobre el proceso de solicitud y responderemos tus preguntas. Con la fecha l\u00edmite de solicitud acerc\u00e1ndose al 1 de abril, t\u00fa eliges la Jornada de Puertas Abiertas que mejor se adapte a tu familia.<\/p>","protected":false},"author":2,"featured_media":0,"parent":0,"menu_order":0,"comment_status":"closed","ping_status":"closed","template":"templates\/template-7-open-houses.php","meta":{"_acf_changed":false,"inline_featured_image":false,"footnotes":""},"class_list":["post-806","page","type-page","status-publish","hentry"],"acf":[],"yoast_head":"<!-- This site is optimized with the Yoast SEO plugin v27.3 - https:\/\/yoast.com\/product\/yoast-seo-wordpress\/ -->\n<title>Open Houses &#8211; DREAM<\/title>\n<meta name=\"description\" content=\"Are you ready to learn more about DREAM Charter Schools? Join us for an Open House!\" \/>\n<meta name=\"robots\" content=\"index, follow, max-snippet:-1, max-image-preview:large, max-video-preview:-1\" \/>\n<link rel=\"canonical\" href=\"https:\/\/wearedream.org\/es\/open-houses\/\" \/>\n<meta property=\"og:locale\" content=\"es_MX\" \/>\n<meta property=\"og:type\" content=\"article\" \/>\n<meta property=\"og:title\" content=\"Open Houses &#8211; DREAM\" \/>\n<meta property=\"og:description\" content=\"Are you ready to learn more about DREAM Charter Schools? Join us for an Open House!\" \/>\n<meta property=\"og:url\" content=\"https:\/\/wearedream.org\/es\/open-houses\/\" \/>\n<meta property=\"og:site_name\" content=\"DREAM\" \/>\n<meta property=\"article:publisher\" content=\"https:\/\/www.facebook.com\/wearedreamorg\" \/>\n<meta property=\"article:modified_time\" content=\"2026-01-05T20:55:09+00:00\" \/>\n<meta property=\"og:image\" content=\"https:\/\/wearedream.org\/wp-content\/uploads\/2015\/03\/DREAM-Blog-Image.png\" \/>\n\t<meta property=\"og:image:width\" content=\"1000\" \/>\n\t<meta property=\"og:image:height\" content=\"664\" \/>\n\t<meta property=\"og:image:type\" content=\"image\/png\" \/>\n<meta name=\"twitter:card\" content=\"summary_large_image\" \/>\n<meta name=\"twitter:site\" content=\"@wearedream\" \/>\n<script type=\"application\/ld+json\" class=\"yoast-schema-graph\">{\"@context\":\"https:\\\/\\\/schema.org\",\"@graph\":[{\"@type\":\"WebPage\",\"@id\":\"https:\\\/\\\/wearedream.org\\\/open-houses\\\/\",\"url\":\"https:\\\/\\\/wearedream.org\\\/open-houses\\\/\",\"name\":\"Open Houses &#8211; DREAM\",\"isPartOf\":{\"@id\":\"https:\\\/\\\/wearedream.org\\\/#website\"},\"datePublished\":\"2021-07-13T19:57:25+00:00\",\"dateModified\":\"2026-01-05T20:55:09+00:00\",\"description\":\"Are you ready to learn more about DREAM Charter Schools? Join us for an Open House!\",\"breadcrumb\":{\"@id\":\"https:\\\/\\\/wearedream.org\\\/open-houses\\\/#breadcrumb\"},\"inLanguage\":\"es-MX\",\"potentialAction\":[{\"@type\":\"ReadAction\",\"target\":[\"https:\\\/\\\/wearedream.org\\\/open-houses\\\/\"]}]},{\"@type\":\"BreadcrumbList\",\"@id\":\"https:\\\/\\\/wearedream.org\\\/open-houses\\\/#breadcrumb\",\"itemListElement\":[{\"@type\":\"ListItem\",\"position\":1,\"name\":\"Home\",\"item\":\"https:\\\/\\\/wearedream.org\\\/\"},{\"@type\":\"ListItem\",\"position\":2,\"name\":\"Open Houses\"}]},{\"@type\":\"WebSite\",\"@id\":\"https:\\\/\\\/wearedream.org\\\/#website\",\"url\":\"https:\\\/\\\/wearedream.org\\\/\",\"name\":\"DREAM\",\"description\":\"Play - Learn - Grow\",\"publisher\":{\"@id\":\"https:\\\/\\\/wearedream.org\\\/#organization\"},\"potentialAction\":[{\"@type\":\"SearchAction\",\"target\":{\"@type\":\"EntryPoint\",\"urlTemplate\":\"https:\\\/\\\/wearedream.org\\\/?s={search_term_string}\"},\"query-input\":{\"@type\":\"PropertyValueSpecification\",\"valueRequired\":true,\"valueName\":\"search_term_string\"}}],\"inLanguage\":\"es-MX\"},{\"@type\":\"Organization\",\"@id\":\"https:\\\/\\\/wearedream.org\\\/#organization\",\"name\":\"DREAM\",\"url\":\"https:\\\/\\\/wearedream.org\\\/\",\"logo\":{\"@type\":\"ImageObject\",\"inLanguage\":\"es-MX\",\"@id\":\"https:\\\/\\\/wearedream.org\\\/#\\\/schema\\\/logo\\\/image\\\/\",\"url\":\"https:\\\/\\\/wearedream.org\\\/wp-content\\\/uploads\\\/2021\\\/07\\\/logo.svg\",\"contentUrl\":\"https:\\\/\\\/wearedream.org\\\/wp-content\\\/uploads\\\/2021\\\/07\\\/logo.svg\",\"width\":1,\"height\":1,\"caption\":\"DREAM\"},\"image\":{\"@id\":\"https:\\\/\\\/wearedream.org\\\/#\\\/schema\\\/logo\\\/image\\\/\"},\"sameAs\":[\"https:\\\/\\\/www.facebook.com\\\/wearedreamorg\",\"https:\\\/\\\/x.com\\\/wearedream\",\"https:\\\/\\\/www.instagram.com\\\/wearedream\\\/\",\"https:\\\/\\\/www.linkedin.com\\\/company\\\/wearedream\\\/\"]}]}<\/script>\n<!-- \/ Yoast SEO plugin. -->","yoast_head_json":{"title":"Casas abiertas \u2013 DREAM","description":"\u00bfListo para aprender m\u00e1s sobre las escuelas ch\u00e1rter DREAM? \u00a1\u00danete a nuestra jornada de puertas abiertas!","robots":{"index":"index","follow":"follow","max-snippet":"max-snippet:-1","max-image-preview":"max-image-preview:large","max-video-preview":"max-video-preview:-1"},"canonical":"https:\/\/wearedream.org\/es\/open-houses\/","og_locale":"es_MX","og_type":"article","og_title":"Open Houses &#8211; DREAM","og_description":"Are you ready to learn more about DREAM Charter Schools? Join us for an Open House!","og_url":"https:\/\/wearedream.org\/es\/open-houses\/","og_site_name":"DREAM","article_publisher":"https:\/\/www.facebook.com\/wearedreamorg","article_modified_time":"2026-01-05T20:55:09+00:00","og_image":[{"width":1000,"height":664,"url":"https:\/\/wearedream.org\/wp-content\/uploads\/2015\/03\/DREAM-Blog-Image.png","type":"image\/png"}],"twitter_card":"summary_large_image","twitter_site":"@wearedream","schema":{"@context":"https:\/\/schema.org","@graph":[{"@type":"WebPage","@id":"https:\/\/wearedream.org\/open-houses\/","url":"https:\/\/wearedream.org\/open-houses\/","name":"Casas abiertas \u2013 DREAM","isPartOf":{"@id":"https:\/\/wearedream.org\/#website"},"datePublished":"2021-07-13T19:57:25+00:00","dateModified":"2026-01-05T20:55:09+00:00","description":"\u00bfListo para aprender m\u00e1s sobre las escuelas ch\u00e1rter DREAM? \u00a1\u00danete a nuestra jornada de puertas abiertas!","breadcrumb":{"@id":"https:\/\/wearedream.org\/open-houses\/#breadcrumb"},"inLanguage":"es-MX","potentialAction":[{"@type":"ReadAction","target":["https:\/\/wearedream.org\/open-houses\/"]}]},{"@type":"BreadcrumbList","@id":"https:\/\/wearedream.org\/open-houses\/#breadcrumb","itemListElement":[{"@type":"ListItem","position":1,"name":"Home","item":"https:\/\/wearedream.org\/"},{"@type":"ListItem","position":2,"name":"Open Houses"}]},{"@type":"WebSite","@id":"https:\/\/wearedream.org\/#website","url":"https:\/\/wearedream.org\/","name":"Verano de DREAM","description":"Jugar - Aprender - Crecer","publisher":{"@id":"https:\/\/wearedream.org\/#organization"},"potentialAction":[{"@type":"SearchAction","target":{"@type":"EntryPoint","urlTemplate":"https:\/\/wearedream.org\/?s={search_term_string}"},"query-input":{"@type":"PropertyValueSpecification","valueRequired":true,"valueName":"search_term_string"}}],"inLanguage":"es-MX"},{"@type":"Organization","@id":"https:\/\/wearedream.org\/#organization","name":"Verano de DREAM","url":"https:\/\/wearedream.org\/","logo":{"@type":"ImageObject","inLanguage":"es-MX","@id":"https:\/\/wearedream.org\/#\/schema\/logo\/image\/","url":"https:\/\/wearedream.org\/wp-content\/uploads\/2021\/07\/logo.svg","contentUrl":"https:\/\/wearedream.org\/wp-content\/uploads\/2021\/07\/logo.svg","width":1,"height":1,"caption":"DREAM"},"image":{"@id":"https:\/\/wearedream.org\/#\/schema\/logo\/image\/"},"sameAs":["https:\/\/www.facebook.com\/wearedreamorg","https:\/\/x.com\/wearedream","https:\/\/www.instagram.com\/wearedream\/","https:\/\/www.linkedin.com\/company\/wearedream\/"]}]}},"_links":{"self":[{"href":"https:\/\/wearedream.org\/es\/wp-json\/wp\/v2\/pages\/806","targetHints":{"allow":["GET"]}}],"collection":[{"href":"https:\/\/wearedream.org\/es\/wp-json\/wp\/v2\/pages"}],"about":[{"href":"https:\/\/wearedream.org\/es\/wp-json\/wp\/v2\/types\/page"}],"author":[{"embeddable":true,"href":"https:\/\/wearedream.org\/es\/wp-json\/wp\/v2\/users\/2"}],"replies":[{"embeddable":true,"href":"https:\/\/wearedream.org\/es\/wp-json\/wp\/v2\/comments?post=806"}],"version-history":[{"count":0,"href":"https:\/\/wearedream.org\/es\/wp-json\/wp\/v2\/pages\/806\/revisions"}],"wp:attachment":[{"href":"https:\/\/wearedream.org\/es\/wp-json\/wp\/v2\/media?parent=806"}],"curies":[{"name":"gracias","href":"https:\/\/api.w.org\/{rel}","templated":true}]}}